{"id":4160,"date":"2025-10-09T23:38:00","date_gmt":"2025-10-10T02:38:00","guid":{"rendered":"https:\/\/mixtape.qodeinteractive.com\/?page_id=4160"},"modified":"2025-10-17T01:09:33","modified_gmt":"2025-10-17T04:09:33","slug":"informacoes","status":"publish","type":"page","link":"https:\/\/tamojuntobb.com.br\/fortaleza\/informacoes\/","title":{"rendered":""},"content":{"rendered":"\t\t<div data-elementor-type=\"wp-page\" data-elementor-id=\"4160\" class=\"elementor elementor-4160\">\n\t\t\t\t<div class=\"elementor-element elementor-element-9708b1f e-flex e-con-boxed e-con e-parent\" data-id=\"9708b1f\" data-element_type=\"container\">\n\t\t\t\t\t<div class=\"e-con-inner\">\n\t\t<div class=\"elementor-element elementor-element-c73a075 e-con-full e-flex e-con e-child\" data-id=\"c73a075\" data-element_type=\"container\">\n\t\t<div class=\"elementor-element elementor-element-a0b78c3 e-con-full e-flex e-con e-child\" data-id=\"a0b78c3\" data-element_type=\"container\">\n\t\t\t\t<div class=\"elementor-element elementor-element-760b435 elementor-widget elementor-widget-heading\" data-id=\"760b435\" data-element_type=\"widget\" data-widget_type=\"heading.default\">\n\t\t\t\t\t<h2 class=\"elementor-heading-title elementor-size-default\">Informa\u00e7\u00f5es para a imprensa<\/h2>\t\t\t\t<\/div>\n\t\t\t\t<div class=\"elementor-element elementor-element-199bd79 elementor-widget elementor-widget-heading\" data-id=\"199bd79\" data-element_type=\"widget\" data-widget_type=\"heading.default\">\n\t\t\t\t\t<h2 class=\"elementor-heading-title elementor-size-default\"><a href=\"https:\/\/www.melinatavares.com.br\/\" target=\"_blank\">Melina Tavares Comunica\u00e7\u00e3o<\/a><\/h2>\t\t\t\t<\/div>\n\t\t\t\t<div class=\"elementor-element elementor-element-f180793 elementor-widget elementor-widget-heading\" data-id=\"f180793\" data-element_type=\"widget\" data-widget_type=\"heading.default\">\n\t\t\t\t\t<h2 class=\"elementor-heading-title elementor-size-default\"><a href=\"mailto:renan@melinatavares.com.br\" target=\"_blank\">Renan Gabriel  renan@melinatavares.com.br  <\/a><\/h2>\t\t\t\t<\/div>\n\t\t\t\t<div class=\"elementor-element elementor-element-88a498c elementor-widget elementor-widget-heading\" data-id=\"88a498c\" data-element_type=\"widget\" data-widget_type=\"heading.default\">\n\t\t\t\t\t<h2 class=\"elementor-heading-title elementor-size-default\"><a href=\"mailto:gustavo@melinatavares.com.br\" target=\"_blank\">Gustavo Tosato  gustavo@melinatavares.com.br<\/a><\/h2>\t\t\t\t<\/div>\n\t\t\t\t<div class=\"elementor-element elementor-element-c2d3c57 elementor-widget elementor-widget-heading\" data-id=\"c2d3c57\" data-element_type=\"widget\" data-widget_type=\"heading.default\">\n\t\t\t\t\t<h2 class=\"elementor-heading-title elementor-size-default\"><a href=\"mailto:liliane@melinatavares.com.br\" target=\"_blank\">Liliane Cavalcante  liliane@melinatavares.com.br<\/a><\/h2>\t\t\t\t<\/div>\n\t\t\t\t<\/div>\n\t\t<div class=\"elementor-element elementor-element-ccbb216 e-con-full e-flex e-con e-child\" data-id=\"ccbb216\" data-element_type=\"container\">\n\t\t\t\t<div class=\"elementor-element elementor-element-9218374 elementor-widget elementor-widget-heading\" data-id=\"9218374\" data-element_type=\"widget\" data-widget_type=\"heading.default\">\n\t\t\t\t\t<h2 class=\"elementor-heading-title elementor-size-default\"><a href=\"https:\/\/maps.app.goo.gl\/WXK9CqfhVQqFDEt86\" target=\"_blank\">Endere\u00e7o do Local do Evento<\/a><\/h2>\t\t\t\t<\/div>\n\t\t\t\t<div class=\"elementor-element elementor-element-7fe6804 elementor-widget elementor-widget-heading\" data-id=\"7fe6804\" data-element_type=\"widget\" data-widget_type=\"heading.default\">\n\t\t\t\t\t<h2 class=\"elementor-heading-title elementor-size-default\"><a href=\"https:\/\/www.marinapark.com.br\/\" target=\"_blank\">Marina Park Hotel<\/a><\/h2>\t\t\t\t<\/div>\n\t\t\t\t<div class=\"elementor-element elementor-element-9e05ece elementor-widget elementor-widget-heading\" data-id=\"9e05ece\" data-element_type=\"widget\" data-widget_type=\"heading.default\">\n\t\t\t\t\t<h2 class=\"elementor-heading-title elementor-size-default\"><a href=\"https:\/\/maps.app.goo.gl\/WXK9CqfhVQqFDEt86\" target=\"_blank\">Avenida Presidente Castelo Branco, 400 -  Moura Brasil - Fortaleza - Cear\u00e1 <\/a><\/h2>\t\t\t\t<\/div>\n\t\t\t\t<div class=\"elementor-element elementor-element-61eda47 elementor-widget-divider--view-line elementor-widget elementor-widget-divider\" data-id=\"61eda47\" data-element_type=\"widget\" data-widget_type=\"divider.default\">\n\t\t\t\t\t\t\t<div class=\"elementor-divider\">\n\t\t\t<span class=\"elementor-divider-separator\">\n\t\t\t\t\t\t<\/span>\n\t\t<\/div>\n\t\t\t\t\t\t<\/div>\n\t\t\t\t<div class=\"elementor-element elementor-element-6e91ffa elementor-widget elementor-widget-heading\" data-id=\"6e91ffa\" data-element_type=\"widget\" data-widget_type=\"heading.default\">\n\t\t\t\t\t<h2 class=\"elementor-heading-title elementor-size-default\">Recomenda-se chegar ao local com 60 minutos de anteced\u00eancia<\/h2>\t\t\t\t<\/div>\n\t\t\t\t<\/div>\n\t\t\t\t<\/div>\n\t\t<div class=\"elementor-element elementor-element-7ea8585 e-con-full e-flex e-con e-child\" data-id=\"7ea8585\" data-element_type=\"container\">\n\t\t\t\t<div class=\"elementor-element elementor-element-9ac1d38 elementor-widget elementor-widget-google_maps\" data-id=\"9ac1d38\" data-element_type=\"widget\" data-widget_type=\"google_maps.default\">\n\t\t\t\t\t\t\t<div class=\"elementor-custom-embed\">\n\t\t\t<iframe loading=\"lazy\"\n\t\t\t\t\tsrc=\"https:\/\/maps.google.com\/maps?q=Marina%20Park%20Hotel%20-%20Av.%20Pres.%20Castelo%20Branco%2C%20400%20-%20Moura%20Brasil%2C%20Fortaleza%20-%20CE%2C%2060312-060&#038;t=m&#038;z=12&#038;output=embed&#038;iwloc=near\"\n\t\t\t\t\ttitle=\"Marina Park Hotel - Av. Pres. Castelo Branco, 400 - Moura Brasil, Fortaleza - CE, 60312-060\"\n\t\t\t\t\taria-label=\"Marina Park Hotel - Av. Pres. Castelo Branco, 400 - Moura Brasil, Fortaleza - CE, 60312-060\"\n\t\t\t><\/iframe>\n\t\t<\/div>\n\t\t\t\t\t\t<\/div>\n\t\t\t\t<\/div>\n\t\t\t\t\t<\/div>\n\t\t\t\t<\/div>\n\t\t<div class=\"elementor-element elementor-element-5542ebf e-flex e-con-boxed e-con e-parent\" data-id=\"5542ebf\" data-element_type=\"container\">\n\t\t\t\t\t<div class=\"e-con-inner\">\n\t\t\t\t<div class=\"elementor-element elementor-element-9601341 elementor-widget elementor-widget-image\" data-id=\"9601341\" data-element_type=\"widget\" data-widget_type=\"image.default\">\n\t\t\t\t\t\t\t\t\t\t\t\t\t\t\t<img fetchpriority=\"high\" decoding=\"async\" width=\"1024\" height=\"146\" src=\"https:\/\/tamojuntobb.com.br\/fortaleza\/wp-content\/uploads\/2025\/10\/MULTIDAO-SHOWS-TAMO-JUNTO-BB-2025-AZUL-01-1024x146.png\" class=\"attachment-large size-large wp-image-14690\" alt=\"\" srcset=\"https:\/\/tamojuntobb.com.br\/fortaleza\/wp-content\/uploads\/2025\/10\/MULTIDAO-SHOWS-TAMO-JUNTO-BB-2025-AZUL-01-1024x146.png 1024w, https:\/\/tamojuntobb.com.br\/fortaleza\/wp-content\/uploads\/2025\/10\/MULTIDAO-SHOWS-TAMO-JUNTO-BB-2025-AZUL-01-300x43.png 300w, https:\/\/tamojuntobb.com.br\/fortaleza\/wp-content\/uploads\/2025\/10\/MULTIDAO-SHOWS-TAMO-JUNTO-BB-2025-AZUL-01-768x110.png 768w, https:\/\/tamojuntobb.com.br\/fortaleza\/wp-content\/uploads\/2025\/10\/MULTIDAO-SHOWS-TAMO-JUNTO-BB-2025-AZUL-01-1536x220.png 1536w\" sizes=\"(max-width: 1024px) 100vw, 1024px\" \/>\t\t\t\t\t\t\t\t\t\t\t\t\t\t\t<\/div>\n\t\t\t\t\t<\/div>\n\t\t\t\t<\/div>\n\t\t\t\t<\/div>\n\t\t","protected":false},"excerpt":{"rendered":"<p>Informa\u00e7\u00f5es para a imprensa Melina Tavares Comunica\u00e7\u00e3o Renan Gabriel renan@melinatavares.com.br Gustavo Tosato gustavo@melinatavares.com.br Liliane Cavalcante liliane@melinatavares.com.br Endere\u00e7o do Local do&#8230;<\/p>\n","protected":false},"author":1,"featured_media":0,"parent":0,"menu_order":0,"comment_status":"closed","ping_status":"closed","template":"","meta":{"footnotes":""},"class_list":["post-4160","page","type-page","status-publish","hentry"],"_links":{"self":[{"href":"https:\/\/tamojuntobb.com.br\/fortaleza\/wp-json\/wp\/v2\/pages\/4160","targetHints":{"allow":["GET"]}}],"collection":[{"href":"https:\/\/tamojuntobb.com.br\/fortaleza\/wp-json\/wp\/v2\/pages"}],"about":[{"href":"https:\/\/tamojuntobb.com.br\/fortaleza\/wp-json\/wp\/v2\/types\/page"}],"author":[{"embeddable":true,"href":"https:\/\/tamojuntobb.com.br\/fortaleza\/wp-json\/wp\/v2\/users\/1"}],"replies":[{"embeddable":true,"href":"https:\/\/tamojuntobb.com.br\/fortaleza\/wp-json\/wp\/v2\/comments?post=4160"}],"version-history":[{"count":396,"href":"https:\/\/tamojuntobb.com.br\/fortaleza\/wp-json\/wp\/v2\/pages\/4160\/revisions"}],"predecessor-version":[{"id":16290,"href":"https:\/\/tamojuntobb.com.br\/fortaleza\/wp-json\/wp\/v2\/pages\/4160\/revisions\/16290"}],"wp:attachment":[{"href":"https:\/\/tamojuntobb.com.br\/fortaleza\/wp-json\/wp\/v2\/media?parent=4160"}],"curies":[{"name":"wp","href":"https:\/\/api.w.org\/{rel}","templated":true}]}}